{"id":7126,"date":"2025-10-27T14:05:52","date_gmt":"2025-10-27T14:05:52","guid":{"rendered":"https:\/\/sepol.pt\/?post_type=product&#038;p=7126"},"modified":"2025-10-27T14:05:52","modified_gmt":"2025-10-27T14:05:52","slug":"fecho-anticolisao","status":"publish","type":"product","link":"https:\/\/sepol.pt\/en\/product\/fecho-anticolisao\/","title":{"rendered":"Fecho Anticolis\u00e3o"},"content":{"rendered":"<ul>\n<li>Mais leve e fino ;<\/li>\n<li>Design simples com fecho deslizante anticolis\u00e3o ;<\/li>\n<li>Ideal para roupas de desporto ;<\/li>\n<li>N\u00e3o entra em contacto com a pele, reduzindo assim a sensa\u00e7\u00e3o de frio ou dor durante a pr\u00e1tica de exerc\u00edcio.<\/li>\n<\/ul>","protected":false},"excerpt":{"rendered":"<ul>\n<li><strong>Material:<\/strong> Nylon ;<\/li>\n<li><strong>Quantidade M\u00ednima:<\/strong> 200 pcs ;<\/li>\n<li><strong>Tamanho:<\/strong> Personalizado a pedido do cliente ;<\/li>\n<li><strong>Color:<\/strong> Personalizada a pedido do cliente.<\/li>\n<\/ul>\n<a href=\"#popup-69f25baad5b07\" rel=\"prettyphoto\" class=\"popup-link\">Ask for price<\/a><div id=\"popup-69f25baad5b07\" class=\"popup-content\"><div class=\"popup-inner\" style=\"padding:20px;\">\n<div class=\"wpcf7 no-js\" id=\"wpcf7-f871-o1\" lang=\"pt-PT\" dir=\"ltr\" data-wpcf7-id=\"871\">\n<div class=\"screen-reader-response\"><p role=\"status\" aria-live=\"polite\" aria-atomic=\"true\"><\/p> <ul><\/ul><\/div>\n<form action=\"\/en\/wp-json\/wp\/v2\/product\/7126#wpcf7-f871-o1\" method=\"post\" class=\"wpcf7-form init\" aria-label=\"Formul\u00e1rio de contacto\" novalidate=\"novalidate\" data-status=\"init\" data-trp-original-action=\"\/en\/wp-json\/wp\/v2\/product\/7126#wpcf7-f871-o1\">\n<fieldset class=\"hidden-fields-container\"><input type=\"hidden\" name=\"_wpcf7\" value=\"871\" \/><input type=\"hidden\" name=\"_wpcf7_version\" value=\"6.1.5\" \/><input type=\"hidden\" name=\"_wpcf7_locale\" value=\"pt_PT\" \/><input type=\"hidden\" name=\"_wpcf7_unit_tag\" value=\"wpcf7-f871-o1\" \/><input type=\"hidden\" name=\"_wpcf7_container_post\" value=\"0\" \/><input type=\"hidden\" name=\"_wpcf7_posted_data_hash\" value=\"\" \/>\n<\/fieldset>\n<p><label> Name<br \/>\n<span class=\"wpcf7-form-control-wrap\" data-name=\"your-name\"><input size=\"40\" maxlength=\"400\" class=\"wpcf7-form-control wpcf7-text wpcf7-validates-as-required\" aria-required=\"true\" aria-invalid=\"false\" value=\"\" type=\"text\" name=\"your-name\" \/><\/span> <\/label>\n<\/p>\n<p><label> Email<br \/>\n<span class=\"wpcf7-form-control-wrap\" data-name=\"your-email\"><input size=\"40\" maxlength=\"400\" class=\"wpcf7-form-control wpcf7-email wpcf7-validates-as-required wpcf7-text wpcf7-validates-as-email\" aria-required=\"true\" aria-invalid=\"false\" value=\"\" type=\"email\" name=\"your-email\" \/><\/span> <\/label>\n<\/p>\n<p><label> Product\/REF<br \/>\n<span class=\"wpcf7-form-control-wrap\" data-name=\"your-subject\"><input size=\"40\" maxlength=\"400\" class=\"wpcf7-form-control wpcf7-text wpcf7-validates-as-required\" aria-required=\"true\" aria-invalid=\"false\" value=\"\" type=\"text\" name=\"your-subject\" \/><\/span> <\/label>\n<\/p>\n<p><label> Message<br \/>\n<span class=\"wpcf7-form-control-wrap\" data-name=\"your-message\"><textarea cols=\"40\" rows=\"10\" maxlength=\"2000\" class=\"wpcf7-form-control wpcf7-textarea\" aria-invalid=\"false\" name=\"your-message\"><\/textarea><\/span> <\/label>\n<\/p>\n<p><input class=\"wpcf7-form-control wpcf7-submit has-spinner\" type=\"submit\" value=\"Send\" \/>\n<\/p><div class=\"wpcf7-response-output\" aria-hidden=\"true\"><\/div>\n<input type=\"hidden\" name=\"trp-form-language\" value=\"en\"\/><\/form>\n<\/div>\n<\/div><\/div>","protected":false},"featured_media":7128,"template":"","meta":[],"product_brand":[],"product_cat":[314],"product_tag":[],"class_list":{"0":"post-7126","1":"product","2":"type-product","3":"status-publish","4":"has-post-thumbnail","6":"product_cat-fechos-sab","8":"first","9":"instock","10":"taxable","11":"shipping-taxable","12":"product-type-simple"},"_links":{"self":[{"href":"https:\/\/sepol.pt\/en\/wp-json\/wp\/v2\/product\/7126","targetHints":{"allow":["GET"]}}],"collection":[{"href":"https:\/\/sepol.pt\/en\/wp-json\/wp\/v2\/product"}],"about":[{"href":"https:\/\/sepol.pt\/en\/wp-json\/wp\/v2\/types\/product"}],"wp:featuredmedia":[{"embeddable":true,"href":"https:\/\/sepol.pt\/en\/wp-json\/wp\/v2\/media\/7128"}],"wp:attachment":[{"href":"https:\/\/sepol.pt\/en\/wp-json\/wp\/v2\/media?parent=7126"}],"wp:term":[{"taxonomy":"product_brand","embeddable":true,"href":"https:\/\/sepol.pt\/en\/wp-json\/wp\/v2\/product_brand?post=7126"},{"taxonomy":"product_cat","embeddable":true,"href":"https:\/\/sepol.pt\/en\/wp-json\/wp\/v2\/product_cat?post=7126"},{"taxonomy":"product_tag","embeddable":true,"href":"https:\/\/sepol.pt\/en\/wp-json\/wp\/v2\/product_tag?post=7126"}],"curies":[{"name":"wp","href":"https:\/\/api.w.org\/{rel}","templated":true}]}}