{"id":7043,"date":"2025-06-16T13:59:17","date_gmt":"2025-06-16T13:59:17","guid":{"rendered":"https:\/\/sepol.pt\/?post_type=product&#038;p=7043"},"modified":"2025-10-01T10:06:41","modified_gmt":"2025-10-01T10:06:41","slug":"kai-1140st","status":"publish","type":"product","link":"https:\/\/sepol.pt\/en\/product\/kai-1140st\/","title":{"rendered":"KAI 1140ST"},"content":{"rendered":"<p id=\"tw-target-text\" class=\"tw-data-text tw-text-large tw-ta\" dir=\"ltr\" data-placeholder=\"Tradu\u00e7\u00e3o\" data-ved=\"2ahUKEwjD26e8i_aNAxUKU6QEHdr9JyYQ3ewLegQICRAV\" aria-label=\"Texto traduzido: A S\u00e9rie 1000 \u00e9 feita de a\u00e7o inoxid\u00e1vel SUS420J2 s\u00f3lido e resistente \u00e0 corros\u00e3o, e suas l\u00e2minas t\u00eam dureza de 50 (\u00b11) HRC. Os cabos preto e cinza s\u00e3o feitos de dois pl\u00e1sticos diferentes. O elast\u00f4mero dimensionalmente est\u00e1vel dos cabos ergonomicamente projetados garante um manuseio extremamente confort\u00e1vel e seguro.\"><span class=\"Y2IQFc\" lang=\"pt\">The 1000 Series is made of solid, corrosion-resistant SUS420J2 stainless steel, the blades are hardened to 50 (\u00b11) HRC.<br \/>\n<\/span><span class=\"Y2IQFc\" lang=\"pt\">The black and gray cables are made of two different plastics.<br \/>\n<\/span>The perfect elastomer dimension and ergonomic design ensure comfortable and safe handling.<\/p>","protected":false},"excerpt":{"rendered":"<p><em>VAT included.<\/em><\/p>\n<p>I&lt;&#8212;-&gt;I 5.5&#8221; ,\u00a0 140 mm<\/p>\n<p>Stainless steel scissors.<\/p>","protected":false},"featured_media":7044,"template":"","meta":[],"product_brand":[],"product_cat":[311,84],"product_tag":[],"class_list":{"0":"post-7043","1":"product","2":"type-product","3":"status-publish","4":"has-post-thumbnail","6":"product_cat-1000-series","7":"product_cat-tesouras","9":"first","10":"instock","11":"taxable","12":"shipping-taxable","13":"purchasable","14":"product-type-simple"},"_links":{"self":[{"href":"https:\/\/sepol.pt\/en\/wp-json\/wp\/v2\/product\/7043","targetHints":{"allow":["GET"]}}],"collection":[{"href":"https:\/\/sepol.pt\/en\/wp-json\/wp\/v2\/product"}],"about":[{"href":"https:\/\/sepol.pt\/en\/wp-json\/wp\/v2\/types\/product"}],"wp:featuredmedia":[{"embeddable":true,"href":"https:\/\/sepol.pt\/en\/wp-json\/wp\/v2\/media\/7044"}],"wp:attachment":[{"href":"https:\/\/sepol.pt\/en\/wp-json\/wp\/v2\/media?parent=7043"}],"wp:term":[{"taxonomy":"product_brand","embeddable":true,"href":"https:\/\/sepol.pt\/en\/wp-json\/wp\/v2\/product_brand?post=7043"},{"taxonomy":"product_cat","embeddable":true,"href":"https:\/\/sepol.pt\/en\/wp-json\/wp\/v2\/product_cat?post=7043"},{"taxonomy":"product_tag","embeddable":true,"href":"https:\/\/sepol.pt\/en\/wp-json\/wp\/v2\/product_tag?post=7043"}],"curies":[{"name":"wp","href":"https:\/\/api.w.org\/{rel}","templated":true}]}}