{"id":6193,"date":"2023-09-25T08:29:18","date_gmt":"2023-09-25T08:29:18","guid":{"rendered":"https:\/\/sepol.pt\/?post_type=product&#038;p=6193"},"modified":"2024-07-23T09:25:08","modified_gmt":"2024-07-23T09:25:08","slug":"sugarcane","status":"publish","type":"product","link":"https:\/\/sepol.pt\/en\/product\/sugarcane\/","title":{"rendered":"Sugarcane (Green PE)"},"content":{"rendered":"","protected":false},"excerpt":{"rendered":"<p>33% &#8211; Desperd\u00edcio de Cana de A\u00e7\u00facar<br \/>\n67% &#8211; PP (Polipropileno) Reciclado<\/p>\n<p>&nbsp;<\/p>","protected":false},"featured_media":6194,"template":"","meta":[],"product_brand":[],"product_cat":[253,38,278],"product_tag":[],"class_list":{"0":"post-6193","1":"product","2":"type-product","3":"status-publish","4":"has-post-thumbnail","6":"product_cat-eco-sepol","7":"product_cat-botoes","8":"product_cat-ecologicos","10":"first","11":"instock","12":"taxable","13":"shipping-taxable","14":"purchasable","15":"product-type-variable"},"_links":{"self":[{"href":"https:\/\/sepol.pt\/en\/wp-json\/wp\/v2\/product\/6193","targetHints":{"allow":["GET"]}}],"collection":[{"href":"https:\/\/sepol.pt\/en\/wp-json\/wp\/v2\/product"}],"about":[{"href":"https:\/\/sepol.pt\/en\/wp-json\/wp\/v2\/types\/product"}],"wp:featuredmedia":[{"embeddable":true,"href":"https:\/\/sepol.pt\/en\/wp-json\/wp\/v2\/media\/6194"}],"wp:attachment":[{"href":"https:\/\/sepol.pt\/en\/wp-json\/wp\/v2\/media?parent=6193"}],"wp:term":[{"taxonomy":"product_brand","embeddable":true,"href":"https:\/\/sepol.pt\/en\/wp-json\/wp\/v2\/product_brand?post=6193"},{"taxonomy":"product_cat","embeddable":true,"href":"https:\/\/sepol.pt\/en\/wp-json\/wp\/v2\/product_cat?post=6193"},{"taxonomy":"product_tag","embeddable":true,"href":"https:\/\/sepol.pt\/en\/wp-json\/wp\/v2\/product_tag?post=6193"}],"curies":[{"name":"wp","href":"https:\/\/api.w.org\/{rel}","templated":true}]}}