{"id":5774,"date":"2023-03-01T19:07:24","date_gmt":"2023-03-01T19:07:24","guid":{"rendered":"https:\/\/sepol.pt\/?post_type=product&#038;p=5774"},"modified":"2024-10-18T10:22:54","modified_gmt":"2024-10-18T10:22:54","slug":"pinos-rpp-sistema-standard","status":"publish","type":"product","link":"https:\/\/sepol.pt\/en\/product\/pinos-rpp-sistema-standard\/","title":{"rendered":"Pinos rPP \u2013 Sistema Standard"},"content":{"rendered":"<p>Os pinos de polipropileno reciclado (rPP) Ecotach atendem \u00e0s necessidades tanto de consumidores como de empresas e marcas com consci\u00eancia ambiental que desejam reduzir a sua pegada. A mudan\u00e7a para este tipo de etiquetagem demonstra inova\u00e7\u00e3o da marca e responsabilidade ambiental.<br \/>\nS\u00e3o fabricados com 30% de res\u00edduos p\u00f3s-consumo de recipientes pl\u00e1sticos descart\u00e1veis e t\u00eam certifica\u00e7\u00e3o GRS (Global Recycled Standard).<\/p>\n<p>&nbsp;<\/p>\n<p>&nbsp;<\/p>\n<p>&nbsp;<\/p>\n<p>&nbsp;<\/p>","protected":false},"excerpt":{"rendered":"<p><em>VAT included.<\/em><\/p>\n<p>Sistema Standard<\/p>","protected":false},"featured_media":2953,"template":"","meta":[],"product_brand":[],"product_cat":[70,71],"product_tag":[],"class_list":{"0":"post-5774","1":"product","2":"type-product","3":"status-publish","4":"has-post-thumbnail","6":"product_cat-pinos","7":"product_cat-reciclados-pinos","8":"pa_cor-natural","10":"first","11":"instock","12":"taxable","13":"shipping-taxable","14":"purchasable","15":"product-type-variable"},"_links":{"self":[{"href":"https:\/\/sepol.pt\/en\/wp-json\/wp\/v2\/product\/5774","targetHints":{"allow":["GET"]}}],"collection":[{"href":"https:\/\/sepol.pt\/en\/wp-json\/wp\/v2\/product"}],"about":[{"href":"https:\/\/sepol.pt\/en\/wp-json\/wp\/v2\/types\/product"}],"wp:featuredmedia":[{"embeddable":true,"href":"https:\/\/sepol.pt\/en\/wp-json\/wp\/v2\/media\/2953"}],"wp:attachment":[{"href":"https:\/\/sepol.pt\/en\/wp-json\/wp\/v2\/media?parent=5774"}],"wp:term":[{"taxonomy":"product_brand","embeddable":true,"href":"https:\/\/sepol.pt\/en\/wp-json\/wp\/v2\/product_brand?post=5774"},{"taxonomy":"product_cat","embeddable":true,"href":"https:\/\/sepol.pt\/en\/wp-json\/wp\/v2\/product_cat?post=5774"},{"taxonomy":"product_tag","embeddable":true,"href":"https:\/\/sepol.pt\/en\/wp-json\/wp\/v2\/product_tag?post=5774"}],"curies":[{"name":"wp","href":"https:\/\/api.w.org\/{rel}","templated":true}]}}