{"id":4276,"date":"2021-09-06T07:21:13","date_gmt":"2021-09-06T07:21:13","guid":{"rendered":"https:\/\/sepol.pt\/?post_type=product&#038;p=4276"},"modified":"2025-03-10T16:16:33","modified_gmt":"2025-03-10T16:16:33","slug":"marcador-prym","status":"publish","type":"product","link":"https:\/\/sepol.pt\/en\/product\/marcador-prym\/","title":{"rendered":"PRYM Marker"},"content":{"rendered":"<p>Este marcador , uma caneta de feltro apag\u00e1vel com \u00e1gua, deve ser armazenado com o cartucho apontado para baixo, para garantir um fluxo de tinta duradouro e para proteg\u00ea-lo de secar. Dispon\u00edvel em duas espessuras de cartucho da Prym, \u00e9 ideal para tra\u00e7ar linhas grossas ou finas em qualquer tipo de tecido claro. Dependendo das caracter\u00edsticas do tecido, as marcas desaparecem de forma espont\u00e2nea e como por magia. Importante: Antes de usar a caneta, utilize-a para marcar uma pe\u00e7a de teste e depois teste a remo\u00e7\u00e3o das marcas desse peda\u00e7o de tecido.<\/p>","protected":false},"excerpt":{"rendered":"<p>Caneta m\u00e1gica adequada para a marca\u00e7\u00e3o de tecidos claros. Desaparece sozinha, com o tempo. Ponta Fina.<\/p>","protected":false},"featured_media":4279,"template":"","meta":[],"product_brand":[],"product_cat":[56,59],"product_tag":[],"class_list":{"0":"post-4276","1":"product","2":"type-product","3":"status-publish","4":"has-post-thumbnail","6":"product_cat-marcador","7":"product_cat-fitas-metricas","9":"first","10":"instock","11":"taxable","12":"shipping-taxable","13":"purchasable","14":"product-type-simple"},"_links":{"self":[{"href":"https:\/\/sepol.pt\/en\/wp-json\/wp\/v2\/product\/4276","targetHints":{"allow":["GET"]}}],"collection":[{"href":"https:\/\/sepol.pt\/en\/wp-json\/wp\/v2\/product"}],"about":[{"href":"https:\/\/sepol.pt\/en\/wp-json\/wp\/v2\/types\/product"}],"wp:featuredmedia":[{"embeddable":true,"href":"https:\/\/sepol.pt\/en\/wp-json\/wp\/v2\/media\/4279"}],"wp:attachment":[{"href":"https:\/\/sepol.pt\/en\/wp-json\/wp\/v2\/media?parent=4276"}],"wp:term":[{"taxonomy":"product_brand","embeddable":true,"href":"https:\/\/sepol.pt\/en\/wp-json\/wp\/v2\/product_brand?post=4276"},{"taxonomy":"product_cat","embeddable":true,"href":"https:\/\/sepol.pt\/en\/wp-json\/wp\/v2\/product_cat?post=4276"},{"taxonomy":"product_tag","embeddable":true,"href":"https:\/\/sepol.pt\/en\/wp-json\/wp\/v2\/product_tag?post=4276"}],"curies":[{"name":"wp","href":"https:\/\/api.w.org\/{rel}","templated":true}]}}