{"id":2915,"date":"2021-06-24T07:49:22","date_gmt":"2021-06-24T07:49:22","guid":{"rendered":"https:\/\/sepol.pt\/?post_type=product&#038;p=2915"},"modified":"2024-10-18T13:11:27","modified_gmt":"2024-10-18T13:11:27","slug":"pino-5604","status":"publish","type":"product","link":"https:\/\/sepol.pt\/en\/product\/pino-5604\/","title":{"rendered":"Tag Pins"},"content":{"rendered":"<p>These plastic fasteners are the easy and productive solution for packaging, fastening, and display applications. Invented by Avery Dennison in the early 1960's, the original Swiftachment\u00ae Fastening System is still the industry's preference for attaching tags. Fastener styles include Paddles, T-Ends\u2122, Hooks, and Loops. Whether you are tagging a shirt, hat, belt, pants, etc., there is an Avery Dennison Standard fastener that will work for you. Fasteners are compatible with Standard Avery Dennison tools, each of which are comfortable, lightweight, and designed to be durable and reliable.<br \/>\nOs Standard Hooks s\u00e3o ideais para artigos como meias e roupa de cabe\u00e7a. Compat\u00edveis com a maioria das ferramentas manuais, excluindo Soft Grip, System 1000\u00ae, MicroPin\u2122and ferramentas de punho em tesoura. Os ganchos s\u00e3o ideais para artigos tais como bolsas, carteiras, aparelhos e muito mais. Est\u00e3o dispon\u00edveis cores personalizadas.<\/p>\n<p>&nbsp;<\/p>\n<p>&nbsp;<\/p>\n<p>&nbsp;<\/p>\n<p>&nbsp;<\/p>\n<p>&nbsp;<\/p>","protected":false},"excerpt":{"rendered":"<p><em>VAT included.<\/em><\/p>\n<p>Box of 5000 units.<\/p>","protected":false},"featured_media":2916,"template":"","meta":[],"product_brand":[],"product_cat":[70,136],"product_tag":[],"class_list":{"0":"post-2915","1":"product","2":"type-product","3":"status-publish","4":"has-post-thumbnail","6":"product_cat-pinos","7":"product_cat-standard","8":"pa_cor-natural","9":"pa_cor-preto","11":"first","12":"instock","13":"taxable","14":"shipping-taxable","15":"purchasable","16":"product-type-variable"},"_links":{"self":[{"href":"https:\/\/sepol.pt\/en\/wp-json\/wp\/v2\/product\/2915","targetHints":{"allow":["GET"]}}],"collection":[{"href":"https:\/\/sepol.pt\/en\/wp-json\/wp\/v2\/product"}],"about":[{"href":"https:\/\/sepol.pt\/en\/wp-json\/wp\/v2\/types\/product"}],"wp:featuredmedia":[{"embeddable":true,"href":"https:\/\/sepol.pt\/en\/wp-json\/wp\/v2\/media\/2916"}],"wp:attachment":[{"href":"https:\/\/sepol.pt\/en\/wp-json\/wp\/v2\/media?parent=2915"}],"wp:term":[{"taxonomy":"product_brand","embeddable":true,"href":"https:\/\/sepol.pt\/en\/wp-json\/wp\/v2\/product_brand?post=2915"},{"taxonomy":"product_cat","embeddable":true,"href":"https:\/\/sepol.pt\/en\/wp-json\/wp\/v2\/product_cat?post=2915"},{"taxonomy":"product_tag","embeddable":true,"href":"https:\/\/sepol.pt\/en\/wp-json\/wp\/v2\/product_tag?post=2915"}],"curies":[{"name":"wp","href":"https:\/\/api.w.org\/{rel}","templated":true}]}}